{"id":19,"date":"2024-06-18T00:00:11","date_gmt":"2024-06-17T22:00:11","guid":{"rendered":"https:\/\/lyc-jules-ferry.fr\/?page_id=19"},"modified":"2025-10-12T21:23:37","modified_gmt":"2025-10-12T19:23:37","slug":"bienvenue","status":"publish","type":"page","link":"https:\/\/lyc-jules-ferry.fr\/","title":{"rendered":"Bienvenue !"},"content":{"rendered":"\n<div class=\"wp-block-media-text is-stacked-on-mobile\" style=\"grid-template-columns:25% auto\"><figure class=\"wp-block-media-text__media\"><img data-recalc-dims=\"1\" loading=\"lazy\" decoding=\"async\" width=\"399\" height=\"399\" data-attachment-id=\"6\" data-permalink=\"https:\/\/lyc-jules-ferry.fr\/?attachment_id=6\" data-orig-file=\"https:\/\/i0.wp.com\/lyc-jules-ferry.fr\/wp-content\/uploads\/2023\/07\/ljf.jpg?fit=399%2C399&amp;ssl=1\" data-orig-size=\"399,399\" data-comments-opened=\"1\" data-image-meta=\"{&quot;aperture&quot;:&quot;0&quot;,&quot;credit&quot;:&quot;&quot;,&quot;camera&quot;:&quot;&quot;,&quot;caption&quot;:&quot;&quot;,&quot;created_timestamp&quot;:&quot;0&quot;,&quot;copyright&quot;:&quot;&quot;,&quot;focal_length&quot;:&quot;0&quot;,&quot;iso&quot;:&quot;0&quot;,&quot;shutter_speed&quot;:&quot;0&quot;,&quot;title&quot;:&quot;&quot;,&quot;orientation&quot;:&quot;0&quot;}\" data-image-title=\"LJF\" data-image-description=\"\" data-image-caption=\"\" data-large-file=\"https:\/\/i0.wp.com\/lyc-jules-ferry.fr\/wp-content\/uploads\/2023\/07\/ljf.jpg?fit=399%2C399&amp;ssl=1\" src=\"https:\/\/i0.wp.com\/lyc-jules-ferry.fr\/wp-content\/uploads\/2023\/07\/ljf.jpg?resize=399%2C399&#038;ssl=1\" alt=\"\" class=\"wp-image-6 size-full\"\/><\/figure><div class=\"wp-block-media-text__content\">\n<h1 class=\"wp-block-heading has-vivid-red-color has-text-color\"><strong>LYC\u00c9E JULES-FERRY<\/strong><\/h1>\n\n\n\n<p class=\"has-small-font-size wp-block-paragraph\"><strong><em>Coll\u00e8ge \u2219 Lyc\u00e9e \u2219 Classes pr\u00e9paratoires<\/em><\/strong><\/p>\n<\/div><\/div>\n\n\n\n<ul class=\"wp-block-list\">\n<li class=\"has-small-font-size\"><strong>Adresse \u2219 <\/strong>77 boulevard de Clichy \u2013 Paris 9<sup>e<\/sup><\/li>\n\n\n\n<li class=\"has-small-font-size\"><strong>T\u00e9l\u00e9phone \u2219 <\/strong>01 56 02 23 00<\/li>\n\n\n\n<li class=\"has-small-font-size\"><strong>Courriel<\/strong>\n<ul class=\"wp-block-list\">\n<li><strong>Lyc\u00e9e et CPGE <strong>\u2219<\/strong><\/strong> ce.0750669v [at] ac-paris.fr<\/li>\n\n\n\n<li><strong>Coll\u00e8ge <strong>\u2219<\/strong><\/strong> ce.0752533w [at] ac-paris.fr<\/li>\n<\/ul>\n<\/li>\n\n\n\n<li class=\"has-small-font-size\"><strong>Acc\u00e8s <strong>\u2219<\/strong>&nbsp;<\/strong>Place de Clichy (M\u00e9tro 2, 13 <strong>\u2219<\/strong> Bus 21, 30, 58, 68, 74, 80, 95)<\/li>\n<\/ul>\n\n\n\n<ul class=\"wp-block-social-links aligncenter is-layout-flex wp-block-social-links-is-layout-flex\"><li class=\"wp-social-link wp-social-link-mail  wp-block-social-link\"><a href=\"mailto:&#099;&#101;.&#048;&#055;&#053;0&#054;&#054;&#057;&#118;&#064;a&#099;-&#112;a&#114;i&#115;&#046;&#102;&#114;\" class=\"wp-block-social-link-anchor\"><svg width=\"24\" height=\"24\" viewBox=\"0 0 24 24\" version=\"1.1\" xmlns=\"http:\/\/www.w3.org\/2000\/svg\" aria-hidden=\"true\" focusable=\"false\"><path d=\"M19,5H5c-1.1,0-2,.9-2,2v10c0,1.1.9,2,2,2h14c1.1,0,2-.9,2-2V7c0-1.1-.9-2-2-2zm.5,12c0,.3-.2.5-.5.5H5c-.3,0-.5-.2-.5-.5V9.8l7.5,5.6,7.5-5.6V17zm0-9.1L12,13.6,4.5,7.9V7c0-.3.2-.5.5-.5h14c.3,0,.5.2.5.5v.9z\"><\/path><\/svg><span class=\"wp-block-social-link-label screen-reader-text\">E-mail<\/span><\/a><\/li>\n\n<li class=\"wp-social-link wp-social-link-facebook  wp-block-social-link\"><a href=\"https:\/\/www.facebook.com\/LyceeJulesFerryParis\" class=\"wp-block-social-link-anchor\"><svg width=\"24\" height=\"24\" viewBox=\"0 0 24 24\" version=\"1.1\" xmlns=\"http:\/\/www.w3.org\/2000\/svg\" aria-hidden=\"true\" focusable=\"false\"><path d=\"M12 2C6.5 2 2 6.5 2 12c0 5 3.7 9.1 8.4 9.9v-7H7.9V12h2.5V9.8c0-2.5 1.5-3.9 3.8-3.9 1.1 0 2.2.2 2.2.2v2.5h-1.3c-1.2 0-1.6.8-1.6 1.6V12h2.8l-.4 2.9h-2.3v7C18.3 21.1 22 17 22 12c0-5.5-4.5-10-10-10z\"><\/path><\/svg><span class=\"wp-block-social-link-label screen-reader-text\">Facebook<\/span><\/a><\/li>\n\n<li class=\"wp-social-link wp-social-link-linkedin  wp-block-social-link\"><a href=\"https:\/\/fr.linkedin.com\/company\/lyc%C3%A9e-julesferryparis\" class=\"wp-block-social-link-anchor\"><svg width=\"24\" height=\"24\" viewBox=\"0 0 24 24\" version=\"1.1\" xmlns=\"http:\/\/www.w3.org\/2000\/svg\" aria-hidden=\"true\" focusable=\"false\"><path d=\"M19.7,3H4.3C3.582,3,3,3.582,3,4.3v15.4C3,20.418,3.582,21,4.3,21h15.4c0.718,0,1.3-0.582,1.3-1.3V4.3 C21,3.582,20.418,3,19.7,3z M8.339,18.338H5.667v-8.59h2.672V18.338z M7.004,8.574c-0.857,0-1.549-0.694-1.549-1.548 c0-0.855,0.691-1.548,1.549-1.548c0.854,0,1.547,0.694,1.547,1.548C8.551,7.881,7.858,8.574,7.004,8.574z M18.339,18.338h-2.669 v-4.177c0-0.996-0.017-2.278-1.387-2.278c-1.389,0-1.601,1.086-1.601,2.206v4.249h-2.667v-8.59h2.559v1.174h0.037 c0.356-0.675,1.227-1.387,2.526-1.387c2.703,0,3.203,1.779,3.203,4.092V18.338z\"><\/path><\/svg><span class=\"wp-block-social-link-label screen-reader-text\">LinkedIn<\/span><\/a><\/li>\n\n<li class=\"wp-social-link wp-social-link-twitter  wp-block-social-link\"><a href=\"https:\/\/twitter.com\/LyceeJulesFerry\" class=\"wp-block-social-link-anchor\"><svg width=\"24\" height=\"24\" viewBox=\"0 0 24 24\" version=\"1.1\" xmlns=\"http:\/\/www.w3.org\/2000\/svg\" aria-hidden=\"true\" focusable=\"false\"><path d=\"M22.23,5.924c-0.736,0.326-1.527,0.547-2.357,0.646c0.847-0.508,1.498-1.312,1.804-2.27 c-0.793,0.47-1.671,0.812-2.606,0.996C18.324,4.498,17.257,4,16.077,4c-2.266,0-4.103,1.837-4.103,4.103 c0,0.322,0.036,0.635,0.106,0.935C8.67,8.867,5.647,7.234,3.623,4.751C3.27,5.357,3.067,6.062,3.067,6.814 c0,1.424,0.724,2.679,1.825,3.415c-0.673-0.021-1.305-0.206-1.859-0.513c0,0.017,0,0.034,0,0.052c0,1.988,1.414,3.647,3.292,4.023 c-0.344,0.094-0.707,0.144-1.081,0.144c-0.264,0-0.521-0.026-0.772-0.074c0.522,1.63,2.038,2.816,3.833,2.85 c-1.404,1.1-3.174,1.756-5.096,1.756c-0.331,0-0.658-0.019-0.979-0.057c1.816,1.164,3.973,1.843,6.29,1.843 c7.547,0,11.675-6.252,11.675-11.675c0-0.178-0.004-0.355-0.012-0.531C20.985,7.47,21.68,6.747,22.23,5.924z\"><\/path><\/svg><span class=\"wp-block-social-link-label screen-reader-text\">Twitter<\/span><\/a><\/li>\n\n<li class=\"wp-social-link wp-social-link-youtube  wp-block-social-link\"><a href=\"https:\/\/www.youtube.com\/channel\/UC8X2-cyAHzswDjLGV1z4ipA\" class=\"wp-block-social-link-anchor\"><svg width=\"24\" height=\"24\" viewBox=\"0 0 24 24\" version=\"1.1\" xmlns=\"http:\/\/www.w3.org\/2000\/svg\" aria-hidden=\"true\" focusable=\"false\"><path d=\"M21.8,8.001c0,0-0.195-1.378-0.795-1.985c-0.76-0.797-1.613-0.801-2.004-0.847c-2.799-0.202-6.997-0.202-6.997-0.202 h-0.009c0,0-4.198,0-6.997,0.202C4.608,5.216,3.756,5.22,2.995,6.016C2.395,6.623,2.2,8.001,2.2,8.001S2,9.62,2,11.238v1.517 c0,1.618,0.2,3.237,0.2,3.237s0.195,1.378,0.795,1.985c0.761,0.797,1.76,0.771,2.205,0.855c1.6,0.153,6.8,0.201,6.8,0.201 s4.203-0.006,7.001-0.209c0.391-0.047,1.243-0.051,2.004-0.847c0.6-0.607,0.795-1.985,0.795-1.985s0.2-1.618,0.2-3.237v-1.517 C22,9.62,21.8,8.001,21.8,8.001z M9.935,14.594l-0.001-5.62l5.404,2.82L9.935,14.594z\"><\/path><\/svg><span class=\"wp-block-social-link-label screen-reader-text\">YouTube<\/span><\/a><\/li><\/ul>\n\n\n\n<div class=\"wp-block-buttons is-content-justification-center is-layout-flex wp-container-core-buttons-is-layout-fe48e5de wp-block-buttons-is-layout-flex\">\n<div class=\"wp-block-button\"><a class=\"wp-block-button__link has-vivid-green-cyan-background-color has-background wp-element-button\">Pronote<\/a><\/div>\n\n\n\n<div class=\"wp-block-button\"><a class=\"wp-block-button__link has-vivid-cyan-blue-background-color has-background wp-element-button\" href=\"https:\/\/ent.iledefrance.fr\/\">MonLyc\u00e9e.net<\/a><\/div>\n\n\n\n<div class=\"wp-block-button\"><a class=\"wp-block-button__link has-vivid-red-background-color has-background wp-element-button\" href=\"https:\/\/aes02500.paiementdp.com\/\">Restauration scolaire<\/a><\/div>\n<\/div>\n\n\n\n<p class=\"has-vivid-red-color has-text-color has-link-color wp-elements-c9365267f914bd71ea50e5e539e3962b wp-block-paragraph\"><\/p>\n\n\n\n<hr class=\"wp-block-separator has-alpha-channel-opacity\"\/>\n\n\n\n<p class=\"has-text-align-center has-small-font-size wp-block-paragraph\">Cit\u00e9 scolaire cr\u00e9\u00e9e en 1913 (<a href=\"https:\/\/lyc-jules-ferry.fr\/wp-content\/uploads\/2020\/06\/1913-decret-Jules-Ferry.pdf\" data-type=\"link\" data-id=\"https:\/\/lyc-jules-ferry.fr\/wp-content\/uploads\/2020\/06\/1913-decret-Jules-Ferry.pdf\">d\u00e9cret du 13 janvier 1913<\/a>)<\/p>\n\n\n\n<p class=\"has-text-align-center has-small-font-size wp-block-paragraph\">B\u00e2timents inscrits aux Monuments historiques (<a href=\"https:\/\/lyc-jules-ferry.fr\/wp-content\/uploads\/2024\/08\/2016-01-20-04-59-19-RAA-REG-NORMAL-NV506-66-68.pdf\" data-type=\"link\" data-id=\"https:\/\/www.prefectures-regions.gouv.fr\/ile-de-france\/content\/download\/17658\/122030\/file\/2016-01-20-04-59-19-RAA-REG-NORMAL-NV506.pdf\">arr\u00eat\u00e9 du 13 janvier 2016<\/a>)<\/p>\n\n\n\n<hr class=\"wp-block-separator has-alpha-channel-opacity\"\/>\n\n\n\n<p class=\"has-text-align-center has-small-font-size wp-block-paragraph\"><a href=\"https:\/\/www.education.gouv.fr\/\">\u00c9ducation nationale<\/a> \u2219 <a href=\"https:\/\/www.ac-paris.fr\/\">Acad\u00e9mie de Paris<\/a> \u2219 <a href=\"https:\/\/www.iledefrance.fr\/\">R\u00e9gion \u00cele-de-France<\/a> \u2219 <a href=\"https:\/\/www.paris.fr\/\">Ville de Paris<\/a><\/p>\n","protected":false},"excerpt":{"rendered":"<p>LYC\u00c9E JULES-FERRY Coll\u00e8ge \u2219 Lyc\u00e9e \u2219 Classes pr\u00e9paratoires Cit\u00e9 scolaire cr\u00e9\u00e9e en 1913 (d\u00e9cret du 13 janvier 1913) B\u00e2timents inscrits aux Monuments historiques (arr\u00eat\u00e9 du 13 janvier 2016) \u00c9ducation nationale \u2219 Acad\u00e9mie de Paris \u2219 R\u00e9gion \u00cele-de-France \u2219 Ville de Paris<\/p>\n","protected":false},"author":237379862,"featured_media":0,"parent":0,"menu_order":0,"comment_status":"closed","ping_status":"closed","template":"","meta":{"_crdt_document":"","advanced_seo_description":"","jetpack_seo_html_title":"","jetpack_seo_noindex":false,"footnotes":""},"class_list":["post-19","page","type-page","status-publish","hentry"],"jetpack_shortlink":"https:\/\/wp.me\/PeXVPZ-j","jetpack-related-posts":[{"id":1872,"url":"https:\/\/lyc-jules-ferry.fr\/?page_id=1872","url_meta":{"origin":19,"position":0},"title":"Infos Ferry : actualit\u00e9s, calendrier de l&rsquo;ann\u00e9e scolaire 2025-2026","author":"ce0750669v","date":"18 Juin 2024","format":false,"excerpt":"Actualit\u00e9s - informations administratives Calendrier de fin d'ann\u00e9e - \u00c9l\u00e8ves de 3\u00e8me Calendrier de fin d'ann\u00e9e -\u00c9l\u00e8ves de 3\u00e8meT\u00e9l\u00e9charger Labellisation du lyc\u00e9e - programme pHARe de lutte contre le harc\u00e8lement \u00e0 l'\u00e9cole Dipl\u00f4mes du DNB \u2013 Cohorte 2025 Madame, Monsieur, Nous avons le plaisir de vous adresser toutes nos f\u00e9licitations\u2026","rel":"","context":"Article similaire","block_context":{"text":"Article similaire","link":""},"img":{"alt_text":"","src":"https:\/\/i0.wp.com\/lyc-jules-ferry.fr\/wp-content\/uploads\/2024\/03\/Phare.png?resize=350%2C200&ssl=1","width":350,"height":200,"srcset":"https:\/\/i0.wp.com\/lyc-jules-ferry.fr\/wp-content\/uploads\/2024\/03\/Phare.png?resize=350%2C200&ssl=1 1x, https:\/\/i0.wp.com\/lyc-jules-ferry.fr\/wp-content\/uploads\/2024\/03\/Phare.png?resize=525%2C300&ssl=1 1.5x, https:\/\/i0.wp.com\/lyc-jules-ferry.fr\/wp-content\/uploads\/2024\/03\/Phare.png?resize=700%2C400&ssl=1 2x"},"classes":[]},{"id":4185,"url":"https:\/\/lyc-jules-ferry.fr\/?page_id=4185","url_meta":{"origin":19,"position":1},"title":"Historique","author":"ce0750669v","date":"27 D\u00e9c 2020","format":false,"excerpt":"HISTORIQUE AVANT LE LYC\u00c9E (1869-1912) En 1869, la congr\u00e9gation des Dames Z\u00e9latrices de la Sainte-Eucharistie ach\u00e8te un terrain situ\u00e9 \u00e0 l'angle de l'actuel boulevard de Clichy et de la rue de Douai ; elle y b\u00e2tit un couvent et une chapelle. En 1901, la congr\u00e9gation est dissoute en vertu des\u2026","rel":"","context":"Article similaire","block_context":{"text":"Article similaire","link":""},"img":{"alt_text":"","src":"","width":0,"height":0},"classes":[]},{"id":4530,"url":"https:\/\/lyc-jules-ferry.fr\/?page_id=4530","url_meta":{"origin":19,"position":2},"title":"Mentions l\u00e9gales","author":"ce0750669v","date":"28 D\u00e9c 2020","format":false,"excerpt":"MENTIONS L\u00c9GALES Renseignements \u00e9ditoriaux Vous \u00eates connect\u00e9 sur le site officiel du lyc\u00e9e et du coll\u00e8ge Jules-Ferry. Adresse postale : lyc\u00e9e Jules-Ferry - 77 Bd de Clichy - Paris 9e Directeur de la publication : Christel BOURY, proviseure du lyc\u00e9e Jules-Ferry Responsable \u00e9ditoriale et animation : Sandrine MAZOKOPAKIS, professeure-documentaliste Liens\u2026","rel":"","context":"Article similaire","block_context":{"text":"Article similaire","link":""},"img":{"alt_text":"","src":"","width":0,"height":0},"classes":[]},{"id":4519,"url":"https:\/\/lyc-jules-ferry.fr\/?page_id=4519","url_meta":{"origin":19,"position":3},"title":"Associations","author":"ce0750669v","date":"27 D\u00e9c 2020","format":false,"excerpt":"Associations Associations de parents d'\u00e9l\u00e8ves Parents d'\u00e9l\u00e8ves de l'enseignement public (PEEP) du lyc\u00e9e Jules-Ferry Pr\u00e9sidente : Elisa MoyetTr\u00e9sori\u00e8re : Virginie LabatSecr\u00e9taire : Giulia Desjours Contact : peepjf77@gmail.com Anciennement : Association des parents d'\u00e9l\u00e8ves du lyc\u00e9e Jules-Ferry (Objet\u00a0:\u00a0discussion entre parents d'\u00e9l\u00e8ves de tout ce qui concerne les enfants ; \u00e9mission de\u2026","rel":"","context":"Article similaire","block_context":{"text":"Article similaire","link":""},"img":{"alt_text":"","src":"","width":0,"height":0},"classes":[]},{"id":4335,"url":"https:\/\/lyc-jules-ferry.fr\/?page_id=4335","url_meta":{"origin":19,"position":4},"title":"M\u00e9morial de la Seconde Guerre mondiale","author":"ce0750669v","date":"12 Nov 2022","format":false,"excerpt":"MONUMENT A LA M\u00c9MOIRE DES \u00c9L\u00c8VES JUIVES D\u00c9PORT\u00c9ES ET ASSASSIN\u00c9ES DANS LES CAMPS NAZIS (1942-1944), DES FONCTIONNAIRES ET DES \u00c9L\u00c8VES AYANT D\u00c9FENDU LA FRANCE ET LA LIBERT\u00c9 (1940-1944) Le monument \u00e9rig\u00e9 \u00e0 la m\u00e9moire des \u00e9l\u00e8ves juives d\u00e9port\u00e9es et assassin\u00e9es dans les camps nazis (1942-1944) et \u00e0 la m\u00e9moire des\u2026","rel":"","context":"Article similaire","block_context":{"text":"Article similaire","link":""},"img":{"alt_text":"","src":"https:\/\/i0.wp.com\/lyc-jules-ferry.fr\/wp-content\/uploads\/2026\/01\/PartenairesJFv2.png?resize=350%2C200&ssl=1","width":350,"height":200,"srcset":"https:\/\/i0.wp.com\/lyc-jules-ferry.fr\/wp-content\/uploads\/2026\/01\/PartenairesJFv2.png?resize=350%2C200&ssl=1 1x, https:\/\/i0.wp.com\/lyc-jules-ferry.fr\/wp-content\/uploads\/2026\/01\/PartenairesJFv2.png?resize=525%2C300&ssl=1 1.5x, https:\/\/i0.wp.com\/lyc-jules-ferry.fr\/wp-content\/uploads\/2026\/01\/PartenairesJFv2.png?resize=700%2C400&ssl=1 2x"},"classes":[]},{"id":4534,"url":"https:\/\/lyc-jules-ferry.fr\/?page_id=4534","url_meta":{"origin":19,"position":5},"title":"H\u00e9bergement","author":"ce0750669v","date":"29 D\u00e9c 2020","format":false,"excerpt":"H\u00e9bergement et bourses d'enseignement sup\u00e9rieur Bourses et logement A l\u2019attention des \u00e9tudiants de CPGE Etudiants, une bourse, un logement, c\u2019est le moment\u00a0! Du 20 janvier au 15 mai, vous pouvez saisir votre demande de renouvellement de bourse pour l\u2019ann\u00e9e universitaire prochaine. Rdv sur www.messervices.etudiant.gouv.fr , section \u00ab\u00a0Demander une bourse ou\u2026","rel":"","context":"Article similaire","block_context":{"text":"Article similaire","link":""},"img":{"alt_text":"","src":"","width":0,"height":0},"classes":[]}],"jetpack_sharing_enabled":true,"_links":{"self":[{"href":"https:\/\/lyc-jules-ferry.fr\/index.php?rest_route=\/wp\/v2\/pages\/19","targetHints":{"allow":["GET"]}}],"collection":[{"href":"https:\/\/lyc-jules-ferry.fr\/index.php?rest_route=\/wp\/v2\/pages"}],"about":[{"href":"https:\/\/lyc-jules-ferry.fr\/index.php?rest_route=\/wp\/v2\/types\/page"}],"author":[{"embeddable":true,"href":"https:\/\/lyc-jules-ferry.fr\/index.php?rest_route=\/wp\/v2\/users\/237379862"}],"replies":[{"embeddable":true,"href":"https:\/\/lyc-jules-ferry.fr\/index.php?rest_route=%2Fwp%2Fv2%2Fcomments&post=19"}],"version-history":[{"count":100,"href":"https:\/\/lyc-jules-ferry.fr\/index.php?rest_route=\/wp\/v2\/pages\/19\/revisions"}],"predecessor-version":[{"id":16407,"href":"https:\/\/lyc-jules-ferry.fr\/index.php?rest_route=\/wp\/v2\/pages\/19\/revisions\/16407"}],"wp:attachment":[{"href":"https:\/\/lyc-jules-ferry.fr\/index.php?rest_route=%2Fwp%2Fv2%2Fmedia&parent=19"}],"curies":[{"name":"wp","href":"https:\/\/api.w.org\/{rel}","templated":true}]}}