{"id":4191,"date":"2021-02-06T12:31:29","date_gmt":"2021-02-06T11:31:29","guid":{"rendered":"https:\/\/lyc-jules-ferry.fr\/?page_id=4191"},"modified":"2023-07-12T22:28:24","modified_gmt":"2023-07-12T20:28:24","slug":"lieux-de-memoire","status":"publish","type":"page","link":"https:\/\/lyc-jules-ferry.fr\/?page_id=4191","title":{"rendered":"Lieux de m\u00e9moire"},"content":{"rendered":"\n<h1 class=\"has-text-align-center wp-block-heading\"><strong>Lieux de m\u00e9moire<\/strong><\/h1>\n\n\n\n<h2 class=\"wp-block-heading\"><a href=\"https:\/\/lyc-jules-ferry.scola.ac-paris.fr\/etab\/histoire\/lieux-de-memoire\/memorial\/\">M\u00e9morial des \u00e9l\u00e8ves d\u00e9port\u00e9es en 1942-1944<\/a><\/h2>\n\n\n\n<h2 class=\"wp-block-heading\"><a href=\"https:\/\/lyc-jules-ferry.scola.ac-paris.fr\/etab\/histoire\/lieux-de-memoire\/escoulaud\/\">Salle Esther-Coulaud &#8211; Biblioth\u00e8que des professeurs<\/a><\/h2>\n\n\n\n<h2 class=\"wp-block-heading\"><a href=\"https:\/\/lyc-jules-ferry.scola.ac-paris.fr\/etab\/histoire\/lieux-de-memoire\/jhamet\/\">Salle Jacqueline-Hamet &#8211; Salle des Actes<\/a><\/h2>\n","protected":false},"excerpt":{"rendered":"<p>Lieux de m\u00e9moire M\u00e9morial des \u00e9l\u00e8ves d\u00e9port\u00e9es en 1942-1944 Salle Esther-Coulaud &#8211; Biblioth\u00e8que des professeurs Salle Jacqueline-Hamet &#8211; Salle des Actes<\/p>\n","protected":false},"author":237379862,"featured_media":0,"parent":4183,"menu_order":0,"comment_status":"closed","ping_status":"closed","template":"","meta":{"_crdt_document":"","advanced_seo_description":"","jetpack_seo_html_title":"","jetpack_seo_noindex":false,"footnotes":""},"class_list":["post-4191","page","type-page","status-publish","hentry"],"jetpack_shortlink":"https:\/\/wp.me\/PeXVPZ-15B","jetpack-related-posts":[{"id":4221,"url":"https:\/\/lyc-jules-ferry.fr\/?page_id=4221","url_meta":{"origin":4191,"position":0},"title":"Salle Jacqueline-Hamet &#8211; Salle du Conseil","author":"ce0750669v","date":"6 F\u00e9v 2021","format":false,"excerpt":"Salle Jacqueline-Hamet - Salle du Conseil Jacqueline Hamet, n\u00e9e Rabat\u00e9, lorsqu'elle \u00e9tait censeur du lyc\u00e9e Jules-Ferry. AN, F17 27408 Jacqueline Rabat\u00e9 na\u00eet le 9 septembre 1914 \u00e0 Ablon-sur-Seine (Seine-et-Oise), de Jacques Rabat\u00e9, employ\u00e9 d\u2019assurances, et de Marcelle Hermann, sans profession, domicili\u00e9s 10 rue de Paris[1]. Son p\u00e8re, Jacques Rabat\u00e9 na\u00eet\u2026","rel":"","context":"Article similaire","block_context":{"text":"Article similaire","link":""},"img":{"alt_text":"","src":"https:\/\/i0.wp.com\/lyc-jules-ferry.fr\/wp-content\/uploads\/2021\/02\/JacquelineHamet.png?resize=350%2C200&ssl=1","width":350,"height":200},"classes":[]},{"id":4184,"url":"https:\/\/lyc-jules-ferry.fr\/?page_id=4184","url_meta":{"origin":4191,"position":1},"title":"Histoire","author":"ce0750669v","date":"28 D\u00e9c 2020","format":false,"excerpt":"Histoire Historique Directrices et proviseurs depuis 1913 Lieux de m\u00e9moire M\u00e9morial des \u00e9l\u00e8ves d\u00e9port\u00e9es en 1942-1944Salle Esther-Coulaud - Biblioth\u00e8que des professeursSalle Jacqueline-Hamet - Salle des Actes Photographies anciennes Chronologie et documents","rel":"","context":"Article similaire","block_context":{"text":"Article similaire","link":""},"img":{"alt_text":"","src":"","width":0,"height":0},"classes":[]},{"id":4517,"url":"https:\/\/lyc-jules-ferry.fr\/?page_id=4517","url_meta":{"origin":4191,"position":2},"title":"Plan du site","author":"ce0750669v","date":"28 Mai 2013","format":false,"excerpt":"PLAN DU SITE ACCUEIL L'\u00c9TABLISSEMENT Organigramme Info Ferry Conseil d'administration Histoire Historique Lieux de m\u00e9moire M\u00e9morial des \u00e9l\u00e8ves d\u00e9port\u00e9es en 1942-1944 Salle Esther-Coulaud - Biblioth\u00e8que des professeurs Salle Jacqueline-Hamet - Salle du Conseil Photographies anciennes Directrices et proviseurs depuis 1913 Comm\u00e9morations de la Seconde Guerre mondiale (2022-2025) LYC\u00c9E ET COLL\u00c8GE\u2026","rel":"","context":"Article similaire","block_context":{"text":"Article similaire","link":""},"img":{"alt_text":"","src":"","width":0,"height":0},"classes":[]},{"id":4218,"url":"https:\/\/lyc-jules-ferry.fr\/?page_id=4218","url_meta":{"origin":4191,"position":3},"title":"Salle Esther-Coulaud &#8211; Biblioth\u00e8que des professeurs","author":"ce0750669v","date":"6 F\u00e9v 2021","format":false,"excerpt":"Salle Esther-Coulaud - Biblioth\u00e8que des professeurs Esther Coulaud na\u00eet le 31 janvier 1885 au Dorat (Haute-Vienne), de Jean-Baptiste, Joseph, Coulaud, charron-forgeron, et de Catherine, Jos\u00e9phine, Pravates, \u00e9pici\u00e8re, domicili\u00e9s porte de Dinsac. Au d\u00e9but de sa carri\u00e8re, elle est surveillante au cours secondaires de jeunes filles de la Ch\u00e2tre, o\u00f9 elle\u2026","rel":"","context":"Article similaire","block_context":{"text":"Article similaire","link":""},"img":{"alt_text":"","src":"","width":0,"height":0},"classes":[]},{"id":4185,"url":"https:\/\/lyc-jules-ferry.fr\/?page_id=4185","url_meta":{"origin":4191,"position":4},"title":"Historique","author":"ce0750669v","date":"27 D\u00e9c 2020","format":false,"excerpt":"HISTORIQUE AVANT LE LYC\u00c9E (1869-1912) En 1869, la congr\u00e9gation des Dames Z\u00e9latrices de la Sainte-Eucharistie ach\u00e8te un terrain situ\u00e9 \u00e0 l'angle de l'actuel boulevard de Clichy et de la rue de Douai ; elle y b\u00e2tit un couvent et une chapelle. En 1901, la congr\u00e9gation est dissoute en vertu des\u2026","rel":"","context":"Article similaire","block_context":{"text":"Article similaire","link":""},"img":{"alt_text":"","src":"","width":0,"height":0},"classes":[]},{"id":4335,"url":"https:\/\/lyc-jules-ferry.fr\/?page_id=4335","url_meta":{"origin":4191,"position":5},"title":"M\u00e9morial de la Seconde Guerre mondiale","author":"ce0750669v","date":"12 Nov 2022","format":false,"excerpt":"MONUMENT A LA M\u00c9MOIRE DES \u00c9L\u00c8VES JUIVES D\u00c9PORT\u00c9ES ET ASSASSIN\u00c9ES DANS LES CAMPS NAZIS (1942-1944), DES FONCTIONNAIRES ET DES \u00c9L\u00c8VES AYANT D\u00c9FENDU LA FRANCE ET LA LIBERT\u00c9 (1940-1944) Le monument \u00e9rig\u00e9 \u00e0 la m\u00e9moire des \u00e9l\u00e8ves juives d\u00e9port\u00e9es et assassin\u00e9es dans les camps nazis (1942-1944) et \u00e0 la m\u00e9moire des\u2026","rel":"","context":"Article similaire","block_context":{"text":"Article similaire","link":""},"img":{"alt_text":"","src":"https:\/\/i0.wp.com\/lyc-jules-ferry.fr\/wp-content\/uploads\/2026\/01\/PartenairesJFv2.png?resize=350%2C200&ssl=1","width":350,"height":200,"srcset":"https:\/\/i0.wp.com\/lyc-jules-ferry.fr\/wp-content\/uploads\/2026\/01\/PartenairesJFv2.png?resize=350%2C200&ssl=1 1x, https:\/\/i0.wp.com\/lyc-jules-ferry.fr\/wp-content\/uploads\/2026\/01\/PartenairesJFv2.png?resize=525%2C300&ssl=1 1.5x, https:\/\/i0.wp.com\/lyc-jules-ferry.fr\/wp-content\/uploads\/2026\/01\/PartenairesJFv2.png?resize=700%2C400&ssl=1 2x"},"classes":[]}],"jetpack_sharing_enabled":true,"_links":{"self":[{"href":"https:\/\/lyc-jules-ferry.fr\/index.php?rest_route=\/wp\/v2\/pages\/4191","targetHints":{"allow":["GET"]}}],"collection":[{"href":"https:\/\/lyc-jules-ferry.fr\/index.php?rest_route=\/wp\/v2\/pages"}],"about":[{"href":"https:\/\/lyc-jules-ferry.fr\/index.php?rest_route=\/wp\/v2\/types\/page"}],"author":[{"embeddable":true,"href":"https:\/\/lyc-jules-ferry.fr\/index.php?rest_route=\/wp\/v2\/users\/237379862"}],"replies":[{"embeddable":true,"href":"https:\/\/lyc-jules-ferry.fr\/index.php?rest_route=%2Fwp%2Fv2%2Fcomments&post=4191"}],"version-history":[{"count":1,"href":"https:\/\/lyc-jules-ferry.fr\/index.php?rest_route=\/wp\/v2\/pages\/4191\/revisions"}],"predecessor-version":[{"id":6512,"href":"https:\/\/lyc-jules-ferry.fr\/index.php?rest_route=\/wp\/v2\/pages\/4191\/revisions\/6512"}],"up":[{"embeddable":true,"href":"https:\/\/lyc-jules-ferry.fr\/index.php?rest_route=\/wp\/v2\/pages\/4183"}],"wp:attachment":[{"href":"https:\/\/lyc-jules-ferry.fr\/index.php?rest_route=%2Fwp%2Fv2%2Fmedia&parent=4191"}],"curies":[{"name":"wp","href":"https:\/\/api.w.org\/{rel}","templated":true}]}}