{"id":4529,"date":"2020-12-28T00:36:08","date_gmt":"2020-12-27T23:36:08","guid":{"rendered":"https:\/\/lyc-jules-ferry.fr\/?page_id=4529"},"modified":"2023-07-12T22:37:41","modified_gmt":"2023-07-12T20:37:41","slug":"presentation-2","status":"publish","type":"page","link":"https:\/\/lyc-jules-ferry.fr\/?page_id=4529","title":{"rendered":"Pr\u00e9sentation"},"content":{"rendered":"\n<h1 class=\"has-text-align-center wp-block-heading\"><strong>Pr\u00e9sentation<\/strong><\/h1>\n\n\n\n<h2 class=\"wp-block-heading\"><strong>10 raisons de choisir la \u00ab\u00a0Pr\u00e9pa litt\u00e9raire\u00a0\u00bb du lyc\u00e9e Jules-Ferry <\/strong><\/h2>\n\n\n\n<ol class=\"wp-block-list\" type=\"1\"><li>Pour ses r\u00e9sultats, obtenus gr\u00e2ce \u00e0 une pr\u00e9paration ambitieuse, intensive et personnalis\u00e9e<\/li><li>Pour l\u2019\u00ab&nbsp;esprit Ferry&nbsp;\u00bb, reposant sur les valeurs de solidarit\u00e9 et d\u2019exigence toujours bienveillante<\/li><li>Pour la diversit\u00e9 de sa pr\u00e9paration&nbsp;: pr\u00e9paration aux ENS, mais \u00e9galement enseignements sp\u00e9cifiques pour la pr\u00e9paration de l\u2019ENS-Saclay et des \u00ab&nbsp;concours \u00e9largis&nbsp;\u00bb (\u00e9coles de commerce, Celsa&#8230;)<\/li><li>Pour son accessibilit\u00e9 et son inclusivit\u00e9 (lyc\u00e9e accessible aux fauteuils roulants, dispositif ULIS)<\/li><li>Pour sa promotion d\u2019un savoir vivant&nbsp;: sorties et voyages culturels organis\u00e9s r\u00e9guli\u00e8rement, apprentissage de la lecture de textes litt\u00e9raires en fran\u00e7ais et en langue \u00e9trang\u00e8re, d\u2019\u0153uvres d\u2019art, de paysages&#8230;<\/li><li>Pour son cadre de travail (b\u00e2timent inscrit aux Monuments Historiques)<\/li><li>Pour son projet d\u2019\u00e9tablissement litt\u00e9raire et humaniste (richesse des ressources de son CDI, possibilit\u00e9 de pratiquer le chant \u00e0 la chorale du lyc\u00e9e, le th\u00e9\u00e2tre)<\/li><li>Pour les conditions de travail optimales offertes aux \u00e9tudiants de CPGE au sein du lyc\u00e9e<\/li><li>Pour sa situation au c\u0153ur de Paris, \u00e0 proximit\u00e9 de lieux de convivialit\u00e9, de mus\u00e9es, de biblioth\u00e8ques&#8230;<\/li><li>Pour ses nombreuses possibilit\u00e9s d\u2019h\u00e9bergement (partenariat avec le Lyc\u00e9e d\u2019\u00c9tat Jean Zay et son internat de la r\u00e9ussite&nbsp;; foyers du Crous de Paris, Home familial, r\u00e9sidence Naples de UCJF, partenariat avec l\u2019association Ensemble 2 G\u00e9n\u00e9rations&#8230;)<\/li><\/ol>\n\n\n\n<ul class=\"wp-block-list\"><li>Pour encore plus de raisons, n\u2019h\u00e9sitez pas \u00e0 consulter notre rubrique \u00ab&nbsp;<strong>Questions Fr\u00e9quentes<\/strong>&nbsp;\u00bb&nbsp;!<\/li><\/ul>\n\n\n\n<h2 class=\"wp-block-heading\"><strong>A propos des CPGE du lyc\u00e9e Jules-Ferry<\/strong><\/h2>\n\n\n\n<p class=\"wp-block-paragraph\">Les Classes Pr\u00e9paratoires aux Grandes \u00c9coles (CPGE) litt\u00e9raires proposent une formation g\u00e9n\u00e9rale, en lettres, langues et sciences humaines. L\u2019objectif est de se pr\u00e9parer aux \u00e9preuves de la Banque d\u2019\u00c9preuves Litt\u00e9raires, qui repose sur les programmes de concours \u00e0 l\u2019ENS-LSH (Lettres et Sciences Humaines) de Lyon, mais donne \u00e9galement la possibilit\u00e9 d\u2019int\u00e9grer d\u2019autres \u00e9coles et formations telles que le Celsa, l\u2019ESIT, l\u2019ESM St-Cyr, Sciences Po, l\u2019ISIT, l\u2019\u00c9cole du Louvre et de nombreuses grandes \u00e9coles de commerce.<\/p>\n\n\n\n<p class=\"wp-block-paragraph\">Aussi est-il tout \u00e0 fait exact de penser que les ann\u00e9es de classe pr\u00e9paratoire sont des ann\u00e9es intenses, du fait de la pluridisciplinarit\u00e9 qui constitue la sp\u00e9cificit\u00e9 de ces fili\u00e8res, du fait aussi des nombreux d\u00e9bouch\u00e9s exigeants, dont l\u2019ENS, auxquels les \u00e9l\u00e8ves peuvent pr\u00e9tendre.<\/p>\n\n\n\n<p class=\"wp-block-paragraph\">Mais ces objectifs bien pr\u00e9cis ne s\u2019envisagent pas \u00e0 Ferry au d\u00e9triment d\u2019une vision plus large de formation de soi, d\u2019ouverture, de rigueur et de plaisir d\u2019apprendre.<\/p>\n\n\n\n<p class=\"wp-block-paragraph\">Or pour que le travail soit fructueux, l\u2019apprentissage efficace et le plaisir r\u00e9el, nous avons \u00e0 c\u0153ur que cette fameuse intensit\u00e9 ne soit pas moins une intensit\u00e9 des \u00e9changes entre professeurs, \u00e9l\u00e8ves, \u00e9l\u00e8ves et professeurs.<\/p>\n\n\n\n<p class=\"wp-block-paragraph\">Nous, professeurs, partageons notre savoir, nos m\u00e9thodes, notre exp\u00e9rience avec les \u00e9tudiants qui viennent pour d\u00e9couvrir les \u00e9tudes sup\u00e9rieures et en construire le socle. Cela passe par de nombreuses discussions entre nous, formelles et informelles, sur la meilleure fa\u00e7on de transmettre ces connaissances ; par une approche de l\u2019enseignement aussi individualis\u00e9e que possible ; par une valorisation de l\u2019esprit d\u2019\u00e9quipe, notamment lors de sorties ou de voyages ; enfin par une exigence qui, chez nous, se double de bienveillance.<\/p>\n\n\n\n<p class=\"wp-block-paragraph\">Vous, \u00e9tudiants, partagez le fruit de votre travail, de votre r\u00e9flexion, entre vous et avec nous.<\/p>\n\n\n\n<p class=\"wp-block-paragraph\">Ainsi chacun progresse, \u00e0 son rythme, mais port\u00e9 par l\u2019ensemble solidaire. Nous faisons de notre mieux pour que m\u00eame les moments difficiles face au travail ne tournent pas au d\u00e9couragement, soient surmont\u00e9s, et permettent d\u2019acqu\u00e9rir la distance n\u00e9cessaire \u00e0 maintes autres circonstances de la vie.<\/p>\n\n\n\n<p class=\"wp-block-paragraph\">Pour nous, travailler, m\u00eame beaucoup, doit \u00eatre un plaisir ; progresser, m\u00eame en partant de loin, est r\u00e9ellement possible et se v\u00e9rifie chaque ann\u00e9e.<\/p>\n\n\n\n<p class=\"wp-block-paragraph\">En r\u00e9sum\u00e9, en pr\u00e9pa \u00e0 Ferry, certes on travaille beaucoup, et on apprend \u00e0 le faire, mais on d\u00e9couvre aussi tout le plaisir que cela procure.<\/p>\n\n\n\n<p class=\"wp-block-paragraph\">D\u2019ann\u00e9e en ann\u00e9e, voir arriver des fratries en hypokh\u00e2gne nous donne bien le sentiment que nous laissons derri\u00e8re nous de bons souvenirs.<\/p>\n\n\n\n<p class=\"wp-block-paragraph\">Nous vous renvoyons \u00e0 la rubrique \u00ab\u00a0<strong><a href=\"https:\/\/lyc-jules-ferry.scola.ac-paris.fr\/cpge\/qfcpge\/\">Questions Fr\u00e9quentes<\/a><\/strong>\u00a0\u00bb pour plus d\u2019informations et de pr\u00e9cisions sur les classes pr\u00e9paratoires litt\u00e9raires en g\u00e9n\u00e9ral, et les classes de notre lyc\u00e9e en particulier.<\/p>\n","protected":false},"excerpt":{"rendered":"<p>Pr\u00e9sentation 10 raisons de choisir la \u00ab\u00a0Pr\u00e9pa litt\u00e9raire\u00a0\u00bb du lyc\u00e9e Jules-Ferry Pour ses r\u00e9sultats, obtenus gr\u00e2ce \u00e0 une pr\u00e9paration ambitieuse, intensive et personnalis\u00e9e Pour l\u2019\u00ab&nbsp;esprit Ferry&nbsp;\u00bb, reposant sur les valeurs de solidarit\u00e9 et d\u2019exigence toujours bienveillante Pour la diversit\u00e9 de sa pr\u00e9paration&nbsp;: pr\u00e9paration aux ENS, mais \u00e9galement enseignements sp\u00e9cifiques pour la pr\u00e9paration de l\u2019ENS-Saclay et &hellip; <\/p>\n<p class=\"link-more\"><a href=\"https:\/\/lyc-jules-ferry.fr\/?page_id=4529\" class=\"more-link\">Continuer la lecture<span class=\"screen-reader-text\"> de &laquo;&nbsp;Pr\u00e9sentation&nbsp;&raquo;<\/span><\/a><\/p>\n","protected":false},"author":237379862,"featured_media":0,"parent":4199,"menu_order":0,"comment_status":"closed","ping_status":"closed","template":"","meta":{"_crdt_document":"","advanced_seo_description":"","jetpack_seo_html_title":"","jetpack_seo_noindex":false,"footnotes":""},"class_list":["post-4529","page","type-page","status-publish","hentry"],"jetpack_shortlink":"https:\/\/wp.me\/PeXVPZ-1b3","jetpack-related-posts":[{"id":4544,"url":"https:\/\/lyc-jules-ferry.fr\/?page_id=4544","url_meta":{"origin":4529,"position":0},"title":"Questions fr\u00e9quentes","author":"ce0750669v","date":"5 F\u00e9v 2021","format":false,"excerpt":"Questions fr\u00e9quentes Qu\u2019est-ce qu\u2019une Pr\u00e9pa (ou CPGE) ? Entrer en Pr\u00e9pa, c\u2019est int\u00e9grer une Classe Pr\u00e9paratoire aux Grandes \u00c9coles, c\u2019est-\u00e0-dire s\u2019engager dans un cursus de 2 ans apr\u00e8s l\u2019obtention du Bac (ou 3, si l\u2019on refait la seconde ann\u00e9e) au cours duquel vous \u00eates pr\u00e9par\u00e9s \u00e0 des concours tr\u00e8s s\u00e9lectifs.\u2026","rel":"","context":"Article similaire","block_context":{"text":"Article similaire","link":""},"img":{"alt_text":"","src":"","width":0,"height":0},"classes":[]},{"id":4205,"url":"https:\/\/lyc-jules-ferry.fr\/?page_id=4205","url_meta":{"origin":4529,"position":1},"title":"Anglais","author":"ce0750669v","date":"29 Jan 2021","format":false,"excerpt":"Anglais Nos \u00e9tudiants en visite \u00e0 la p\u00eacherie d'anguilles de Lough Neagh, dans le cadre du voyage \u00e0 Belfast pour comprendre les Troubles et suivre Seamus Heaney (28 avril-2 mai 2025) La CPGE de Jules-Ferry offre aux anglicistes un enseignement diversifi\u00e9 et tr\u00e8s exhaustif, menant non seulement aux ENS Lyon\u2026","rel":"","context":"Article similaire","block_context":{"text":"Article similaire","link":""},"img":{"alt_text":"","src":"https:\/\/i0.wp.com\/lyc-jules-ferry.fr\/wp-content\/uploads\/2026\/01\/image-anglais-CPGE.png?resize=350%2C200&ssl=1","width":350,"height":200,"srcset":"https:\/\/i0.wp.com\/lyc-jules-ferry.fr\/wp-content\/uploads\/2026\/01\/image-anglais-CPGE.png?resize=350%2C200&ssl=1 1x, https:\/\/i0.wp.com\/lyc-jules-ferry.fr\/wp-content\/uploads\/2026\/01\/image-anglais-CPGE.png?resize=525%2C300&ssl=1 1.5x, https:\/\/i0.wp.com\/lyc-jules-ferry.fr\/wp-content\/uploads\/2026\/01\/image-anglais-CPGE.png?resize=700%2C400&ssl=1 2x, https:\/\/i0.wp.com\/lyc-jules-ferry.fr\/wp-content\/uploads\/2026\/01\/image-anglais-CPGE.png?resize=1050%2C600&ssl=1 3x"},"classes":[]},{"id":4209,"url":"https:\/\/lyc-jules-ferry.fr\/?page_id=4209","url_meta":{"origin":4529,"position":2},"title":"Allemand","author":"ce0750669v","date":"29 Jan 2021","format":false,"excerpt":"Allemand L\u2019allemand a une longue tradition dans la pr\u00e9pa litt\u00e9raire de Jules Ferry. Les fonds du CDI et les armoires de la salle 308, avec leurs collections litt\u00e9raires, leurs films et leurs revues germanophones peuvent en t\u00e9moigner. Et cette tradition reste bien vivante\u00a0: nos \u00e9tudiants savent \u00e0 quel point l\u2019\u00e9tude\u2026","rel":"","context":"Article similaire","block_context":{"text":"Article similaire","link":""},"img":{"alt_text":"","src":"https:\/\/i0.wp.com\/lyc-jules-ferry.fr\/wp-content\/uploads\/2023\/07\/KAFKA-2.jpg?resize=350%2C200","width":350,"height":200},"classes":[]},{"id":4200,"url":"https:\/\/lyc-jules-ferry.fr\/?page_id=4200","url_meta":{"origin":4529,"position":3},"title":"R\u00e9sultats et t\u00e9moignages","author":"ce0750669v","date":"27 D\u00e9c 2020","format":false,"excerpt":"L'\u00e9quipe du lyc\u00e9e Jules-Ferry adresse toutes ses f\u00e9licitations aux admis aux Grandes \u00c9coles, mais aussi \u00e0 tous les autres qui poursuivent de brillantes \u00e9tudes ! Bravo \u00e0 nos kh\u00e2gnes pour leur travail ! 1. R\u00e9sultats R\u00e9sultats aux concours 2025 : R\u00e9sultats aux concours 2024 : R\u00e9sultats aux concours 2023 :\u2026","rel":"","context":"Article similaire","block_context":{"text":"Article similaire","link":""},"img":{"alt_text":"","src":"https:\/\/i0.wp.com\/lyc-jules-ferry.fr\/wp-content\/uploads\/2024\/09\/Resultats-CPGE-2024-1-1.png?resize=350%2C200&ssl=1","width":350,"height":200,"srcset":"https:\/\/i0.wp.com\/lyc-jules-ferry.fr\/wp-content\/uploads\/2024\/09\/Resultats-CPGE-2024-1-1.png?resize=350%2C200&ssl=1 1x, https:\/\/i0.wp.com\/lyc-jules-ferry.fr\/wp-content\/uploads\/2024\/09\/Resultats-CPGE-2024-1-1.png?resize=525%2C300&ssl=1 1.5x, https:\/\/i0.wp.com\/lyc-jules-ferry.fr\/wp-content\/uploads\/2024\/09\/Resultats-CPGE-2024-1-1.png?resize=700%2C400&ssl=1 2x"},"classes":[]},{"id":4552,"url":"https:\/\/lyc-jules-ferry.fr\/?page_id=4552","url_meta":{"origin":4529,"position":4},"title":"Histoire des arts (HIDA)","author":"ce0750669v","date":"27 Jan 2023","format":false,"excerpt":"Histoire des arts UNE SP\u00c9CIFICIT\u00c9 DU LYC\u00c9E JULES FERRY\u00a0: L\u2019OPTION HISTOIRE DES ARTS EN HYPOKH\u00c2GNE A\/L Une question \u00e0 l\u2019heure des choix sur Parcoursup\u00a0: Hypokh\u00e2gne histoire des arts, pourquoi choisir le lyc\u00e9e Jules Ferry\u00a0? Le lyc\u00e9e Jules Ferry est l\u2019un des rares \u00e9tablissements en France proposant en CPGE litt\u00e9raire A\/L\u2026","rel":"","context":"Article similaire","block_context":{"text":"Article similaire","link":""},"img":{"alt_text":"Sculpture en bronze repr\u00e9sentant deux mains en position de pri\u00e8re ou de connexion, sur une base rectangulaire.","src":"https:\/\/i0.wp.com\/lyc-jules-ferry.fr\/wp-content\/uploads\/2023\/01\/Photo-2_HiDA.png?resize=350%2C200&ssl=1","width":350,"height":200},"classes":[]},{"id":4537,"url":"https:\/\/lyc-jules-ferry.fr\/?page_id=4537","url_meta":{"origin":4529,"position":5},"title":"Lettres","author":"ce0750669v","date":"29 Jan 2021","format":false,"excerpt":"Lettres L\u2019\u00e9preuve de lettres \u00e0 l\u2019\u00e9crit des ENS \u2013 incluse dans la Banque d\u2019Epreuves commune \u00e0 plusieurs concours (BEL) \u2013 est une dissertation portant sur un sujet g\u00e9n\u00e9ral: elle suppose donc une bonne connaissance de la litt\u00e9rature fran\u00e7aise dans son ensemble ; mais elle demande aussi de conna\u00eetre avec pr\u00e9cision\u2026","rel":"","context":"Article similaire","block_context":{"text":"Article similaire","link":""},"img":{"alt_text":"","src":"","width":0,"height":0},"classes":[]}],"jetpack_sharing_enabled":true,"_links":{"self":[{"href":"https:\/\/lyc-jules-ferry.fr\/index.php?rest_route=\/wp\/v2\/pages\/4529","targetHints":{"allow":["GET"]}}],"collection":[{"href":"https:\/\/lyc-jules-ferry.fr\/index.php?rest_route=\/wp\/v2\/pages"}],"about":[{"href":"https:\/\/lyc-jules-ferry.fr\/index.php?rest_route=\/wp\/v2\/types\/page"}],"author":[{"embeddable":true,"href":"https:\/\/lyc-jules-ferry.fr\/index.php?rest_route=\/wp\/v2\/users\/237379862"}],"replies":[{"embeddable":true,"href":"https:\/\/lyc-jules-ferry.fr\/index.php?rest_route=%2Fwp%2Fv2%2Fcomments&post=4529"}],"version-history":[{"count":1,"href":"https:\/\/lyc-jules-ferry.fr\/index.php?rest_route=\/wp\/v2\/pages\/4529\/revisions"}],"predecessor-version":[{"id":6558,"href":"https:\/\/lyc-jules-ferry.fr\/index.php?rest_route=\/wp\/v2\/pages\/4529\/revisions\/6558"}],"up":[{"embeddable":true,"href":"https:\/\/lyc-jules-ferry.fr\/index.php?rest_route=\/wp\/v2\/pages\/4199"}],"wp:attachment":[{"href":"https:\/\/lyc-jules-ferry.fr\/index.php?rest_route=%2Fwp%2Fv2%2Fmedia&parent=4529"}],"curies":[{"name":"wp","href":"https:\/\/api.w.org\/{rel}","templated":true}]}}