{"id":4539,"date":"2021-01-29T21:13:58","date_gmt":"2021-01-29T20:13:58","guid":{"rendered":"https:\/\/lyc-jules-ferry.fr\/?page_id=4539"},"modified":"2026-02-05T14:36:32","modified_gmt":"2026-02-05T13:36:32","slug":"lacpge","status":"publish","type":"page","link":"https:\/\/lyc-jules-ferry.fr\/?page_id=4539","title":{"rendered":"Latin et grec"},"content":{"rendered":"\n<h1 class=\"wp-block-heading has-text-align-center has-text-color has-link-color wp-elements-6c7f1bbedd64e9ecfc17dd3acdd8fdc7\" style=\"color:#9b2828\"><strong>Langues anciennes<\/strong><\/h1>\n\n\n\n<p class=\"wp-block-paragraph\">En Hypokh\u00e2gne un enseignement de&nbsp;<strong>culture antique (une heure par semaine) est dispens\u00e9 par le professeur de Lettres \u00e0 tous les \u00e9l\u00e8ves de sa classe. Il initie \u00e0 la d\u00e9couverte de grands textes de l\u2019Antiquit\u00e9<\/strong>, en illustrant la th\u00e9matique d\u2019un programme renouvel\u00e9 chaque ann\u00e9e.<\/p>\n\n\n\n<p class=\"wp-block-paragraph\"><strong>Le cours de culture antique est compl\u00e9t\u00e9 par deux heures (obligatoires) de latin ou de grec, auxquelles peuvent s\u2019ajouter deux autres heures (optionnelles). Les \u00e9l\u00e8ves ont la possibilit\u00e9 d\u2019\u00e9tudier les deux langues anciennes<\/strong><strong>.<\/strong><\/p>\n\n\n\n<h2 class=\"wp-block-heading\"><strong>Latin<\/strong><\/h2>\n\n\n\n<p class=\"wp-block-paragraph\"><strong>Le Lyc\u00e9e Jules Ferry propose, en Hypokh\u00e2gne, un cours destin\u00e9 aux latinistes \u00ab&nbsp;confirm\u00e9s&nbsp;\u00bb, un aux \u00ab&nbsp;d\u00e9butants&nbsp;\u00bb.<\/strong><\/p>\n\n\n\n<p class=\"wp-block-paragraph\">Le cours de latin \u00ab&nbsp;confirm\u00e9&nbsp;\u00bb s\u2019adresse \u00e0 des \u00e9l\u00e8ves qui ont d\u00e9j\u00e0 \u00e9tudi\u00e9 le latin au lyc\u00e9e. Tout en consolidant les acquis grammaticaux, le cours permet, par la lecture, la traduction et le commentaire de textes, une exploration de la litt\u00e9rature latine et la prise de conscience des influences profondes exerc\u00e9es par les grands auteurs de l\u2019antiquit\u00e9 sur la litt\u00e9rature moderne.<\/p>\n\n\n\n<p class=\"wp-block-paragraph\">Le cours de latin \u00ab&nbsp;d\u00e9butant&nbsp;\u00bb est destin\u00e9 \u00e0 tout \u00e9l\u00e8ve qui n\u2019a pas \u00e9tudi\u00e9 le latin au-del\u00e0 du coll\u00e8ge. L\u2019apprentissage de la langue s\u2019appuie sur un manuel, con\u00e7u pour des \u00e9tudiants du premier cycle universitaire commen\u00e7ant le latin. L\u2019objectif est de permettre aux d\u00e9butants qui le souhaitent de rejoindre l\u2019ann\u00e9e suivante le cours des latinistes confirm\u00e9s \u2013 le latin \u00e9tant propos\u00e9 en option en Kh\u00e2gne. M\u00eame des \u00e9l\u00e8ves qui ont d\u00e9but\u00e9 le latin en Hypokh\u00e2gne peuvent obtenir une tr\u00e8s bonne note \u00e0 l\u2019oral du concours de Lyon (les notes sup\u00e9rieures \u00e0 15\/20 ne sont pas rares).<\/p>\n\n\n\n<h2 class=\"wp-block-heading\"><strong>Le grec<\/strong><\/h2>\n\n\n\n<p class=\"wp-block-paragraph\">En Hypokh\u00e2gne, deux sections de grec existent&nbsp;:<\/p>\n\n\n\n<ul class=\"wp-block-list\">\n<li>l<strong>e grec grand d\u00e9butant<\/strong>\u00a0r\u00e9serv\u00e9 \u00e0 ceux qui n\u2019en ont jamais fait<\/li>\n\n\n\n<li><strong>Le grec \u00ab\u00a0confirm\u00e9\u00a0\u00bb<\/strong>\u00a0r\u00e9serv\u00e9 \u00e0 tous ceux qui en ont fait quelque soit leur niveau, quelle que fut leur formation, sporadique, incompl\u00e8te ou plus syst\u00e9matique. On reprend tout au d\u00e9but mais pas de la m\u00eame mani\u00e8re qu\u2019avec les d\u00e9butants.<\/li>\n<\/ul>\n\n\n\n<h3 class=\"wp-block-heading\"><strong>Les deux sections pr\u00e9parent \u00e0 trois types de formations :<\/strong><\/h3>\n\n\n\n<p class=\"wp-block-paragraph\"><strong>Les lettres classiques<\/strong><\/p>\n\n\n\n<p class=\"wp-block-paragraph\">Les \u00e9tudiants concern\u00e9s peuvent demander (sous r\u00e9serve d\u2019\u00eatre admis en kh\u00e2gne par le second conseil de classe)&nbsp;:<\/p>\n\n\n\n<ul class=\"wp-block-list\">\n<li>une kh\u00e2gne classique (pr\u00e9paration au CONCOURS D\u2019ENTR\u00c9E \u00c0 L\u2019\u00c9COLE NORMALE SUP\u00c9RIEURE DE LA RUE D\u2019ULM) qu\u2019ils iront effectuer \u00e0 Condorcet, \u00e0 Janson de Sailly, \u00e0 F\u00e9nelon, \u00e0 Louis-le-Grand ou \u00e0 Henri IV.<\/li>\n\n\n\n<li>une kh\u00e2gne moderne en sp\u00e9cialit\u00e9 lettres classiques (pr\u00e9paration au CONCOURS D\u2019ENTR\u00c9E \u00c0 L\u2019\u00c9COLE NORMALE SUP\u00c9RIEURE DE LETTRES ET DE SCIENCES HUMAINES DE LYON) qu\u2019ils iront pr\u00e9parer \u00e0 Claude Monet ou \u00e0 Honor\u00e9 de Balzac.<\/li>\n<\/ul>\n\n\n\n<p class=\"wp-block-paragraph\"><strong>Les lettres, langues et sciences humaines (options assur\u00e9es au lyc\u00e9e Jules Ferry)&nbsp;:<\/strong><\/p>\n\n\n\n<ul class=\"wp-block-list\">\n<li>Les \u00e9tudiants ont int\u00e9r\u00eat \u00e0 enrichir leur culture g\u00e9n\u00e9rale par une bonne connaissance de l\u2019antiquit\u00e9 dont ils rencontrent le patrimoine \u00e0 tout moment\u00a0; rien n\u2019est plus pertinent que d\u2019en avoir une connaissance de \u00ab\u00a0premi\u00e8re main\u00a0\u00bb.<\/li>\n\n\n\n<li>Les \u00e9tudiants peuvent pr\u00e9senter ult\u00e9rieurement le CONCOURS D\u2019ENTR\u00c9E \u00c0 L\u2019\u00c9COLE DU LOUVRE, LES CONCOURS DU PATRIMOINE ET L\u2019OPTION GREC ANCIEN \u00c0 L\u2019AGR\u00c9GATION DE PHILOSOPHIE, LATIN OU GREC ANCIEN A L\u2019AGR\u00c9GATION DE LETTRES MODERNES.<\/li>\n<\/ul>\n\n\n\n<p class=\"wp-block-paragraph\"><strong>Sciences politiques<\/strong><\/p>\n\n\n\n<p class=\"wp-block-paragraph\">Il n\u2019est point besoin d\u2019insister sur la part que les Grecs ont pris dans l\u2019invention de la \u00ab&nbsp;science politique&nbsp;\u00bb. Cela n\u2019a pas \u00e9chapp\u00e9 \u00e0 \u00ab&nbsp;Sciences Po&nbsp;\u00bb qui int\u00e8gre un cours de latin et un cours de grec dans sa formation \u00e0 l\u2019\u00e9cole de la rue Saint-Guillaume.<\/p>\n\n\n\n<h2 class=\"wp-block-heading\"><strong>Le grec d\u00e9butant<\/strong><\/h2>\n\n\n\n<p class=\"wp-block-paragraph\"><strong>Le cours de grec d\u00e9butant s\u2019adresse \u00e0 tous les \u00e9tudiants<\/strong>&nbsp;: aux&nbsp;<strong>latinistes<\/strong>&nbsp;qui envisageraient de poursuivre des \u00e9tudes de lettres classiques, aux f<strong>uturs philosophes<\/strong>&nbsp;qui voudraient se familiariser avec la langue de Platon et d\u2019Aristote, aux&nbsp;<strong>historiens<\/strong>&nbsp;curieux de l\u2019Antiquit\u00e9 et des sciences politiques, aux&nbsp;<strong>linguistes<\/strong>&nbsp;int\u00e9ress\u00e9s par le fonctionnement d\u2019une langue ancienne.<\/p>\n\n\n\n<p class=\"wp-block-paragraph\">Si l\u2019apprentissage de la langue (morphologie et syntaxe) et l\u2019exercice formateur de la traduction sont l\u2019\u00e9pine dorsale du cours, il se propose aussi de donner une connaissance de la civilisation grecque \u00e0 travers des expos\u00e9s sur des questions d\u2019art et de culture et d\u2019offrir une approche de la litt\u00e9rature par la lecture en traduction d\u2019\u0153uvres compl\u00e8tes ou d\u2019extraits des grands auteurs&nbsp;: Hom\u00e8re, Platon, Aristophane, les tragiques, les historiens.<\/p>\n\n\n\n<p class=\"wp-block-paragraph\">Mme BETHERY, professeure de lettres en kh\u00e2gne, de grec d\u00e9butant en hypokh\u00e2gne et de latin d\u00e9butant en hypokh\u00e2gne<\/p>\n","protected":false},"excerpt":{"rendered":"<p>Langues anciennes En Hypokh\u00e2gne un enseignement de&nbsp;culture antique (une heure par semaine) est dispens\u00e9 par le professeur de Lettres \u00e0 tous les \u00e9l\u00e8ves de sa classe. Il initie \u00e0 la d\u00e9couverte de grands textes de l\u2019Antiquit\u00e9, en illustrant la th\u00e9matique d\u2019un programme renouvel\u00e9 chaque ann\u00e9e. Le cours de culture antique est compl\u00e9t\u00e9 par deux heures &hellip; <\/p>\n<p class=\"link-more\"><a href=\"https:\/\/lyc-jules-ferry.fr\/?page_id=4539\" class=\"more-link\">Continuer la lecture<span class=\"screen-reader-text\"> de &laquo;&nbsp;Latin et grec&nbsp;&raquo;<\/span><\/a><\/p>\n","protected":false},"author":237379862,"featured_media":0,"parent":4204,"menu_order":0,"comment_status":"closed","ping_status":"closed","template":"","meta":{"_crdt_document":"","advanced_seo_description":"","jetpack_seo_html_title":"","jetpack_seo_noindex":false,"footnotes":""},"class_list":["post-4539","page","type-page","status-publish","hentry"],"jetpack_shortlink":"https:\/\/wp.me\/PeXVPZ-1bd","jetpack-related-posts":[{"id":4537,"url":"https:\/\/lyc-jules-ferry.fr\/?page_id=4537","url_meta":{"origin":4539,"position":0},"title":"Lettres","author":"ce0750669v","date":"29 Jan 2021","format":false,"excerpt":"Lettres L\u2019\u00e9preuve de lettres \u00e0 l\u2019\u00e9crit des ENS \u2013 incluse dans la Banque d\u2019Epreuves commune \u00e0 plusieurs concours (BEL) \u2013 est une dissertation portant sur un sujet g\u00e9n\u00e9ral: elle suppose donc une bonne connaissance de la litt\u00e9rature fran\u00e7aise dans son ensemble ; mais elle demande aussi de conna\u00eetre avec pr\u00e9cision\u2026","rel":"","context":"Article similaire","block_context":{"text":"Article similaire","link":""},"img":{"alt_text":"","src":"","width":0,"height":0},"classes":[]},{"id":1872,"url":"https:\/\/lyc-jules-ferry.fr\/?page_id=1872","url_meta":{"origin":4539,"position":1},"title":"Infos Ferry : actualit\u00e9s, calendrier de l&rsquo;ann\u00e9e scolaire 2025-2026","author":"ce0750669v","date":"18 Juin 2024","format":false,"excerpt":"Actualit\u00e9s - informations administratives Calendrier de fin d'ann\u00e9e - \u00c9l\u00e8ves de 3\u00e8me Calendrier de fin d'ann\u00e9e -\u00c9l\u00e8ves de 3\u00e8meT\u00e9l\u00e9charger Labellisation du lyc\u00e9e - programme pHARe de lutte contre le harc\u00e8lement \u00e0 l'\u00e9cole Dipl\u00f4mes du DNB \u2013 Cohorte 2025 Madame, Monsieur, Nous avons le plaisir de vous adresser toutes nos f\u00e9licitations\u2026","rel":"","context":"Article similaire","block_context":{"text":"Article similaire","link":""},"img":{"alt_text":"","src":"https:\/\/i0.wp.com\/lyc-jules-ferry.fr\/wp-content\/uploads\/2024\/03\/Phare.png?resize=350%2C200&ssl=1","width":350,"height":200,"srcset":"https:\/\/i0.wp.com\/lyc-jules-ferry.fr\/wp-content\/uploads\/2024\/03\/Phare.png?resize=350%2C200&ssl=1 1x, https:\/\/i0.wp.com\/lyc-jules-ferry.fr\/wp-content\/uploads\/2024\/03\/Phare.png?resize=525%2C300&ssl=1 1.5x, https:\/\/i0.wp.com\/lyc-jules-ferry.fr\/wp-content\/uploads\/2024\/03\/Phare.png?resize=700%2C400&ssl=1 2x"},"classes":[]},{"id":4544,"url":"https:\/\/lyc-jules-ferry.fr\/?page_id=4544","url_meta":{"origin":4539,"position":2},"title":"Questions fr\u00e9quentes","author":"ce0750669v","date":"5 F\u00e9v 2021","format":false,"excerpt":"Questions fr\u00e9quentes Qu\u2019est-ce qu\u2019une Pr\u00e9pa (ou CPGE) ? Entrer en Pr\u00e9pa, c\u2019est int\u00e9grer une Classe Pr\u00e9paratoire aux Grandes \u00c9coles, c\u2019est-\u00e0-dire s\u2019engager dans un cursus de 2 ans apr\u00e8s l\u2019obtention du Bac (ou 3, si l\u2019on refait la seconde ann\u00e9e) au cours duquel vous \u00eates pr\u00e9par\u00e9s \u00e0 des concours tr\u00e8s s\u00e9lectifs.\u2026","rel":"","context":"Article similaire","block_context":{"text":"Article similaire","link":""},"img":{"alt_text":"","src":"","width":0,"height":0},"classes":[]},{"id":4517,"url":"https:\/\/lyc-jules-ferry.fr\/?page_id=4517","url_meta":{"origin":4539,"position":3},"title":"Plan du site","author":"ce0750669v","date":"28 Mai 2013","format":false,"excerpt":"PLAN DU SITE ACCUEIL L'\u00c9TABLISSEMENT Organigramme Info Ferry Conseil d'administration Histoire Historique Lieux de m\u00e9moire M\u00e9morial des \u00e9l\u00e8ves d\u00e9port\u00e9es en 1942-1944 Salle Esther-Coulaud - Biblioth\u00e8que des professeurs Salle Jacqueline-Hamet - Salle du Conseil Photographies anciennes Directrices et proviseurs depuis 1913 Comm\u00e9morations de la Seconde Guerre mondiale (2022-2025) LYC\u00c9E ET COLL\u00c8GE\u2026","rel":"","context":"Article similaire","block_context":{"text":"Article similaire","link":""},"img":{"alt_text":"","src":"","width":0,"height":0},"classes":[]},{"id":4186,"url":"https:\/\/lyc-jules-ferry.fr\/?page_id=4186","url_meta":{"origin":4539,"position":4},"title":"LYC\u00c9E et COLL\u00c8GE","author":"ce0750669v","date":"27 D\u00e9c 2020","format":false,"excerpt":"Enseignements Lettres et humanit\u00e9s Fran\u00e7ais et litt\u00e9rature Histoire des arts Histoire-g\u00e9ographie Histoire-g\u00e9ographie, g\u00e9opolitique et sciences politiques Humanit\u00e9s, litt\u00e9rature et philosophie Latin et grec Philosophie Sciences \u00e9conomiques et sociales Sciences Math\u00e9matiques Physique-chimie Sciences de la vie et de la terre Sciences de l\u2019ing\u00e9nieur Sciences num\u00e9riques et technologie Num\u00e9rique et sciences informatiques\u2026","rel":"","context":"Article similaire","block_context":{"text":"Article similaire","link":""},"img":{"alt_text":"","src":"","width":0,"height":0},"classes":[]},{"id":4195,"url":"https:\/\/lyc-jules-ferry.fr\/?page_id=4195","url_meta":{"origin":4539,"position":5},"title":"Enseignements","author":"ce0750669v","date":"27 D\u00e9c 2020","format":false,"excerpt":"Enseignements Lettres et humanit\u00e9s Fran\u00e7ais et litt\u00e9rature Histoire des arts (HIDA) Histoire-g\u00e9ographie Histoire-g\u00e9ographie, g\u00e9opolitique et sciences politiques (HGGSP) Humanit\u00e9s, litt\u00e9rature et philosophie (HLP) Latin et grec Philosophie Sciences \u00e9conomiques et sociales (SES) Sciences Math\u00e9matiques Physique-chimie Sciences de la vie et de la terre (SVT) Sciences de l\u2019ing\u00e9nieur (SI) Sciences num\u00e9riques\u2026","rel":"","context":"Article similaire","block_context":{"text":"Article similaire","link":""},"img":{"alt_text":"","src":"","width":0,"height":0},"classes":[]}],"jetpack_sharing_enabled":true,"_links":{"self":[{"href":"https:\/\/lyc-jules-ferry.fr\/index.php?rest_route=\/wp\/v2\/pages\/4539","targetHints":{"allow":["GET"]}}],"collection":[{"href":"https:\/\/lyc-jules-ferry.fr\/index.php?rest_route=\/wp\/v2\/pages"}],"about":[{"href":"https:\/\/lyc-jules-ferry.fr\/index.php?rest_route=\/wp\/v2\/types\/page"}],"author":[{"embeddable":true,"href":"https:\/\/lyc-jules-ferry.fr\/index.php?rest_route=\/wp\/v2\/users\/237379862"}],"replies":[{"embeddable":true,"href":"https:\/\/lyc-jules-ferry.fr\/index.php?rest_route=%2Fwp%2Fv2%2Fcomments&post=4539"}],"version-history":[{"count":2,"href":"https:\/\/lyc-jules-ferry.fr\/index.php?rest_route=\/wp\/v2\/pages\/4539\/revisions"}],"predecessor-version":[{"id":17291,"href":"https:\/\/lyc-jules-ferry.fr\/index.php?rest_route=\/wp\/v2\/pages\/4539\/revisions\/17291"}],"up":[{"embeddable":true,"href":"https:\/\/lyc-jules-ferry.fr\/index.php?rest_route=\/wp\/v2\/pages\/4204"}],"wp:attachment":[{"href":"https:\/\/lyc-jules-ferry.fr\/index.php?rest_route=%2Fwp%2Fv2%2Fmedia&parent=4539"}],"curies":[{"name":"wp","href":"https:\/\/api.w.org\/{rel}","templated":true}]}}