{"id":7023,"date":"2023-07-14T01:43:53","date_gmt":"2023-07-13T23:43:53","guid":{"rendered":"https:\/\/lyc-jules-ferry.fr\/?page_id=7023"},"modified":"2023-08-15T18:37:15","modified_gmt":"2023-08-15T16:37:15","slug":"autres-enseignements","status":"publish","type":"page","link":"https:\/\/lyc-jules-ferry.fr\/?page_id=7023","title":{"rendered":"Autres enseignements"},"content":{"rendered":"\n<h2 class=\"wp-block-heading has-text-align-center\"><strong>Autres enseignements<\/strong><\/h2>\n\n\n\n<h2 class=\"wp-block-heading\"><strong><a href=\"https:\/\/lyc-jules-ferry.fr\/?cat=6388\">Arts plastiques<\/a><\/strong><\/h2>\n\n\n\n<h2 class=\"wp-block-heading\"><strong><a href=\"https:\/\/lyc-jules-ferry.fr\/?cat=6361\">\u00c9ducation musicale<\/a><\/strong><\/h2>\n\n\n\n<h2 class=\"wp-block-heading\"><strong><a href=\"https:\/\/lyc-jules-ferry.fr\/?cat=6362\">\u00c9ducation physique et sportive (EPS)<\/a><\/strong><\/h2>\n\n\n\n<h2 class=\"wp-block-heading\"><strong><a href=\"https:\/\/lyc-jules-ferry.fr\/?cat=6366\">Enseignement moral et civique (EMC)<\/a><\/strong><\/h2>\n\n\n\n<h2 class=\"wp-block-heading\"><strong><a href=\"https:\/\/lyc-jules-ferry.fr\/?cat=6386\">Technologie<\/a><\/strong><\/h2>\n","protected":false},"excerpt":{"rendered":"<p>Autres enseignements Arts plastiques \u00c9ducation musicale \u00c9ducation physique et sportive (EPS) Enseignement moral et civique (EMC) Technologie<\/p>\n","protected":false},"author":237379862,"featured_media":0,"parent":4195,"menu_order":0,"comment_status":"closed","ping_status":"closed","template":"","meta":{"_crdt_document":"","advanced_seo_description":"","jetpack_seo_html_title":"","jetpack_seo_noindex":false,"footnotes":""},"class_list":["post-7023","page","type-page","status-publish","hentry"],"jetpack_shortlink":"https:\/\/wp.me\/PeXVPZ-1Ph","jetpack-related-posts":[{"id":4195,"url":"https:\/\/lyc-jules-ferry.fr\/?page_id=4195","url_meta":{"origin":7023,"position":0},"title":"Enseignements","author":"ce0750669v","date":"27 D\u00e9c 2020","format":false,"excerpt":"Enseignements Lettres et humanit\u00e9s Fran\u00e7ais et litt\u00e9rature Histoire des arts (HIDA) Histoire-g\u00e9ographie Histoire-g\u00e9ographie, g\u00e9opolitique et sciences politiques (HGGSP) Humanit\u00e9s, litt\u00e9rature et philosophie (HLP) Latin et grec Philosophie Sciences \u00e9conomiques et sociales (SES) Sciences Math\u00e9matiques Physique-chimie Sciences de la vie et de la terre (SVT) Sciences de l\u2019ing\u00e9nieur (SI) Sciences num\u00e9riques\u2026","rel":"","context":"Article similaire","block_context":{"text":"Article similaire","link":""},"img":{"alt_text":"","src":"","width":0,"height":0},"classes":[]},{"id":4197,"url":"https:\/\/lyc-jules-ferry.fr\/?page_id=4197","url_meta":{"origin":7023,"position":1},"title":"Histoire des arts (HIDA)","author":"ce0750669v","date":"28 D\u00e9c 2020","format":false,"excerpt":"Histoire des arts (HIDA) Pour qui et pourquoi\u00a0? Pour tous les \u00e9l\u00e8ves curieux de d\u00e9couvrir ou de d\u00e9velopper une culture artistique et pour ceux et celles construisant un projet professionnel dans le domaine de la cr\u00e9ation ou de la culture. Des lyc\u00e9ens d\u00e9j\u00e0 engag\u00e9s dans cette option en 1\u00e8re ou\u2026","rel":"","context":"Article similaire","block_context":{"text":"Article similaire","link":""},"img":{"alt_text":"","src":"","width":0,"height":0},"classes":[]},{"id":4186,"url":"https:\/\/lyc-jules-ferry.fr\/?page_id=4186","url_meta":{"origin":7023,"position":2},"title":"LYC\u00c9E et COLL\u00c8GE","author":"ce0750669v","date":"27 D\u00e9c 2020","format":false,"excerpt":"Enseignements Lettres et humanit\u00e9s Fran\u00e7ais et litt\u00e9rature Histoire des arts Histoire-g\u00e9ographie Histoire-g\u00e9ographie, g\u00e9opolitique et sciences politiques Humanit\u00e9s, litt\u00e9rature et philosophie Latin et grec Philosophie Sciences \u00e9conomiques et sociales Sciences Math\u00e9matiques Physique-chimie Sciences de la vie et de la terre Sciences de l\u2019ing\u00e9nieur Sciences num\u00e9riques et technologie Num\u00e9rique et sciences informatiques\u2026","rel":"","context":"Article similaire","block_context":{"text":"Article similaire","link":""},"img":{"alt_text":"","src":"","width":0,"height":0},"classes":[]},{"id":4517,"url":"https:\/\/lyc-jules-ferry.fr\/?page_id=4517","url_meta":{"origin":7023,"position":3},"title":"Plan du site","author":"ce0750669v","date":"28 Mai 2013","format":false,"excerpt":"PLAN DU SITE ACCUEIL L'\u00c9TABLISSEMENT Organigramme Info Ferry Conseil d'administration Histoire Historique Lieux de m\u00e9moire M\u00e9morial des \u00e9l\u00e8ves d\u00e9port\u00e9es en 1942-1944 Salle Esther-Coulaud - Biblioth\u00e8que des professeurs Salle Jacqueline-Hamet - Salle du Conseil Photographies anciennes Directrices et proviseurs depuis 1913 Comm\u00e9morations de la Seconde Guerre mondiale (2022-2025) LYC\u00c9E ET COLL\u00c8GE\u2026","rel":"","context":"Article similaire","block_context":{"text":"Article similaire","link":""},"img":{"alt_text":"","src":"","width":0,"height":0},"classes":[]},{"id":4552,"url":"https:\/\/lyc-jules-ferry.fr\/?page_id=4552","url_meta":{"origin":7023,"position":4},"title":"Histoire des arts (HIDA)","author":"ce0750669v","date":"27 Jan 2023","format":false,"excerpt":"Histoire des arts UNE SP\u00c9CIFICIT\u00c9 DU LYC\u00c9E JULES FERRY\u00a0: L\u2019OPTION HISTOIRE DES ARTS EN HYPOKH\u00c2GNE A\/L Une question \u00e0 l\u2019heure des choix sur Parcoursup\u00a0: Hypokh\u00e2gne histoire des arts, pourquoi choisir le lyc\u00e9e Jules Ferry\u00a0? Le lyc\u00e9e Jules Ferry est l\u2019un des rares \u00e9tablissements en France proposant en CPGE litt\u00e9raire A\/L\u2026","rel":"","context":"Article similaire","block_context":{"text":"Article similaire","link":""},"img":{"alt_text":"Sculpture en bronze repr\u00e9sentant deux mains en position de pri\u00e8re ou de connexion, sur une base rectangulaire.","src":"https:\/\/i0.wp.com\/lyc-jules-ferry.fr\/wp-content\/uploads\/2023\/01\/Photo-2_HiDA.png?resize=350%2C200&ssl=1","width":350,"height":200},"classes":[]},{"id":4185,"url":"https:\/\/lyc-jules-ferry.fr\/?page_id=4185","url_meta":{"origin":7023,"position":5},"title":"Historique","author":"ce0750669v","date":"27 D\u00e9c 2020","format":false,"excerpt":"HISTORIQUE AVANT LE LYC\u00c9E (1869-1912) En 1869, la congr\u00e9gation des Dames Z\u00e9latrices de la Sainte-Eucharistie ach\u00e8te un terrain situ\u00e9 \u00e0 l'angle de l'actuel boulevard de Clichy et de la rue de Douai ; elle y b\u00e2tit un couvent et une chapelle. En 1901, la congr\u00e9gation est dissoute en vertu des\u2026","rel":"","context":"Article similaire","block_context":{"text":"Article similaire","link":""},"img":{"alt_text":"","src":"","width":0,"height":0},"classes":[]}],"jetpack_sharing_enabled":true,"_links":{"self":[{"href":"https:\/\/lyc-jules-ferry.fr\/index.php?rest_route=\/wp\/v2\/pages\/7023","targetHints":{"allow":["GET"]}}],"collection":[{"href":"https:\/\/lyc-jules-ferry.fr\/index.php?rest_route=\/wp\/v2\/pages"}],"about":[{"href":"https:\/\/lyc-jules-ferry.fr\/index.php?rest_route=\/wp\/v2\/types\/page"}],"author":[{"embeddable":true,"href":"https:\/\/lyc-jules-ferry.fr\/index.php?rest_route=\/wp\/v2\/users\/237379862"}],"replies":[{"embeddable":true,"href":"https:\/\/lyc-jules-ferry.fr\/index.php?rest_route=%2Fwp%2Fv2%2Fcomments&post=7023"}],"version-history":[{"count":4,"href":"https:\/\/lyc-jules-ferry.fr\/index.php?rest_route=\/wp\/v2\/pages\/7023\/revisions"}],"predecessor-version":[{"id":7053,"href":"https:\/\/lyc-jules-ferry.fr\/index.php?rest_route=\/wp\/v2\/pages\/7023\/revisions\/7053"}],"up":[{"embeddable":true,"href":"https:\/\/lyc-jules-ferry.fr\/index.php?rest_route=\/wp\/v2\/pages\/4195"}],"wp:attachment":[{"href":"https:\/\/lyc-jules-ferry.fr\/index.php?rest_route=%2Fwp%2Fv2%2Fmedia&parent=7023"}],"curies":[{"name":"wp","href":"https:\/\/api.w.org\/{rel}","templated":true}]}}